{"id":1428,"date":"2025-06-18T14:26:22","date_gmt":"2025-06-18T12:26:22","guid":{"rendered":"https:\/\/clandestina.crealogica.eu\/donde-estamos\/"},"modified":"2025-07-25T11:17:37","modified_gmt":"2025-07-25T09:17:37","slug":"donde-estamos","status":"publish","type":"page","link":"https:\/\/lacerveseriaclandestina.cat\/es\/donde-estamos\/","title":{"rendered":"Donde estamos"},"content":{"rendered":"\t\t<div data-elementor-type=\"wp-page\" data-elementor-id=\"1428\" class=\"elementor elementor-1428 elementor-1074\" data-elementor-post-type=\"page\">\n\t\t\t\t<div class=\"elementor-element elementor-element-25cfa41 e-flex e-con-boxed e-con e-parent\" data-id=\"25cfa41\" data-element_type=\"container\" data-e-type=\"container\" data-settings=\"{&quot;background_background&quot;:&quot;classic&quot;}\">\n\t\t\t\t\t<div class=\"e-con-inner\">\n\t\t\t\t<div class=\"elementor-element elementor-element-03fd891 elementor-widget elementor-widget-heading\" data-id=\"03fd891\" data-element_type=\"widget\" data-e-type=\"widget\" data-widget_type=\"heading.default\">\n\t\t\t\t<div class=\"elementor-widget-container\">\n\t\t\t\t\t<h1 class=\"elementor-heading-title elementor-size-default\">Donde estamos y contacto<\/h1>\t\t\t\t<\/div>\n\t\t\t\t<\/div>\n\t\t\t\t\t<\/div>\n\t\t\t\t<\/div>\n\t\t<div class=\"elementor-element elementor-element-e6fd3a2 e-con-full e-flex e-con e-parent\" data-id=\"e6fd3a2\" data-element_type=\"container\" data-e-type=\"container\">\n\t\t<div class=\"elementor-element elementor-element-235527b e-flex e-con-boxed e-con e-child\" data-id=\"235527b\" data-element_type=\"container\" data-e-type=\"container\">\n\t\t\t\t\t<div class=\"e-con-inner\">\n\t\t\t\t<div class=\"elementor-element elementor-element-cd9e7dd elementor-widget elementor-widget-heading\" data-id=\"cd9e7dd\" data-element_type=\"widget\" data-e-type=\"widget\" data-widget_type=\"heading.default\">\n\t\t\t\t<div class=\"elementor-widget-container\">\n\t\t\t\t\t<h2 class=\"elementor-heading-title elementor-size-default\">En el coraz\u00f3n del barrio de la Sagrada Familia<\/h2>\t\t\t\t<\/div>\n\t\t\t\t<\/div>\n\t\t<div class=\"elementor-element elementor-element-e464761 e-grid e-con-full e-con e-child\" data-id=\"e464761\" data-element_type=\"container\" data-e-type=\"container\">\n\t\t\t\t<div class=\"elementor-element elementor-element-3a94062 elementor-widget elementor-widget-text-editor\" data-id=\"3a94062\" data-element_type=\"widget\" data-e-type=\"widget\" data-widget_type=\"text-editor.default\">\n\t\t\t\t<div class=\"elementor-widget-container\">\n\t\t\t\t\t\t\t\t\t<p>A tan s\u00f3lo dos calles del templo y muy cerca de la Avenida Gaud\u00ed. Estamos junto a puntos emblem\u00e1ticos como el Hospital de Sant Pau ya pocos minutos andando de la Plaza de la Sagrada Familia.<\/p>\n<p>Nuestra cervecer\u00eda forma parte de un barrio vivo y acogedor, con comercios de proximidad, terrazas llenas de vida y vecinos con los que compartir una cerveza, una tapa y un rato agradable. Nos encanta ser un punto de encuentro para la gente del barrio: familias, parejas, grupos de amigos, trabajadores de la zona\u2026 todo el mundo es bienvenido.<\/p>\n<p><strong>La Sagrada Fam\u00edlia<\/strong> es mucho m\u00e1s que un monumento. Es un barrio con alma, donde la vida cotidiana y la cultura conviven de forma \u00fanica. Y en <strong>La Cervecer\u00eda Clandestina<\/strong>, sumamos nuestro granito de arena con buen ambiente, comida casera y cervezas bien tiradas.<\/p>\n\t\t\t\t\t\t\t\t<\/div>\n\t\t\t\t<\/div>\n\t\t\t\t<div class=\"elementor-element elementor-element-bc54ccc elementor-widget elementor-widget-image\" data-id=\"bc54ccc\" data-element_type=\"widget\" data-e-type=\"widget\" data-widget_type=\"image.default\">\n\t\t\t\t<div class=\"elementor-widget-container\">\n\t\t\t\t\t\t\t\t\t\t\t\t\t\t\t<img fetchpriority=\"high\" decoding=\"async\" width=\"602\" height=\"600\" src=\"https:\/\/lacerveseriaclandestina.cat\/wp-content\/uploads\/2025\/07\/on_som.jpg\" class=\"attachment-large size-large wp-image-1508\" alt=\"\" srcset=\"https:\/\/lacerveseriaclandestina.cat\/wp-content\/uploads\/2025\/07\/on_som.jpg 602w, https:\/\/lacerveseriaclandestina.cat\/wp-content\/uploads\/2025\/07\/on_som-300x300.jpg 300w, https:\/\/lacerveseriaclandestina.cat\/wp-content\/uploads\/2025\/07\/on_som-150x150.jpg 150w\" sizes=\"(max-width: 602px) 100vw, 602px\" \/>\t\t\t\t\t\t\t\t\t\t\t\t\t\t\t<\/div>\n\t\t\t\t<\/div>\n\t\t\t\t<\/div>\n\t\t\t\t\t<\/div>\n\t\t\t\t<\/div>\n\t\t<div class=\"elementor-element elementor-element-5d19136 e-flex e-con-boxed e-con e-child\" data-id=\"5d19136\" data-element_type=\"container\" data-e-type=\"container\">\n\t\t\t\t\t<div class=\"e-con-inner\">\n\t\t\t\t<div class=\"elementor-element elementor-element-375bb76 elementor-widget-divider--view-line elementor-widget elementor-widget-divider\" data-id=\"375bb76\" data-element_type=\"widget\" data-e-type=\"widget\" data-widget_type=\"divider.default\">\n\t\t\t\t<div class=\"elementor-widget-container\">\n\t\t\t\t\t\t\t<div class=\"elementor-divider\">\n\t\t\t<span class=\"elementor-divider-separator\">\n\t\t\t\t\t\t<\/span>\n\t\t<\/div>\n\t\t\t\t\t\t<\/div>\n\t\t\t\t<\/div>\n\t\t\t\t<div class=\"elementor-element elementor-element-9243a5e elementor-widget elementor-widget-heading\" data-id=\"9243a5e\" data-element_type=\"widget\" data-e-type=\"widget\" data-widget_type=\"heading.default\">\n\t\t\t\t<div class=\"elementor-widget-container\">\n\t\t\t\t\t<h2 class=\"elementor-heading-title elementor-size-default\">M\u00e1s de 10 a\u00f1os echando buenas birras y cocinando con amor.<\/h2>\t\t\t\t<\/div>\n\t\t\t\t<\/div>\n\t\t\t\t<div class=\"elementor-element elementor-element-414e8ef elementor-widget-divider--view-line elementor-widget elementor-widget-divider\" data-id=\"414e8ef\" data-element_type=\"widget\" data-e-type=\"widget\" data-widget_type=\"divider.default\">\n\t\t\t\t<div class=\"elementor-widget-container\">\n\t\t\t\t\t\t\t<div class=\"elementor-divider\">\n\t\t\t<span class=\"elementor-divider-separator\">\n\t\t\t\t\t\t<\/span>\n\t\t<\/div>\n\t\t\t\t\t\t<\/div>\n\t\t\t\t<\/div>\n\t\t\t\t\t<\/div>\n\t\t\t\t<\/div>\n\t\t<div class=\"elementor-element elementor-element-c373915 e-grid e-con-boxed e-con e-child\" data-id=\"c373915\" data-element_type=\"container\" data-e-type=\"container\">\n\t\t\t\t\t<div class=\"e-con-inner\">\n\t\t<div class=\"elementor-element elementor-element-682c999 e-con-full e-flex e-con e-child\" data-id=\"682c999\" data-element_type=\"container\" data-e-type=\"container\">\n\t\t\t\t<div class=\"elementor-element elementor-element-9ac8192 elementor-widget elementor-widget-google_maps\" data-id=\"9ac8192\" data-element_type=\"widget\" data-e-type=\"widget\" data-widget_type=\"google_maps.default\">\n\t\t\t\t<div class=\"elementor-widget-container\">\n\t\t\t\t\t\t\t<div class=\"elementor-custom-embed\">\n\t\t\t<iframe loading=\"lazy\"\n\t\t\t\t\tsrc=\"https:\/\/maps.google.com\/maps?q=%3A%20Carrer%20de%20C%C3%B2rsega%2C%20611%2C%20L%27Eixample%2C%2008025%20Barcelona&#038;t=m&#038;z=16&#038;output=embed&#038;iwloc=near\"\n\t\t\t\t\ttitle=\": Carrer de C\u00f2rsega, 611, L&#039;Eixample, 08025 Barcelona\"\n\t\t\t\t\taria-label=\": Carrer de C\u00f2rsega, 611, L&#039;Eixample, 08025 Barcelona\"\n\t\t\t><\/iframe>\n\t\t<\/div>\n\t\t\t\t\t\t<\/div>\n\t\t\t\t<\/div>\n\t\t\t\t<\/div>\n\t\t<div class=\"elementor-element elementor-element-1d8711d e-con-full e-flex e-con e-child\" data-id=\"1d8711d\" data-element_type=\"container\" data-e-type=\"container\">\n\t\t\t\t<div class=\"elementor-element elementor-element-66a08f4 elementor-widget elementor-widget-heading\" data-id=\"66a08f4\" data-element_type=\"widget\" data-e-type=\"widget\" data-widget_type=\"heading.default\">\n\t\t\t\t<div class=\"elementor-widget-container\">\n\t\t\t\t\t<h2 class=\"elementor-heading-title elementor-size-default\">Horarios<\/h2>\t\t\t\t<\/div>\n\t\t\t\t<\/div>\n\t\t\t\t<div class=\"elementor-element elementor-element-154ee44 elementor-widget elementor-widget-text-editor\" data-id=\"154ee44\" data-element_type=\"widget\" data-e-type=\"widget\" data-widget_type=\"text-editor.default\">\n\t\t\t\t<div class=\"elementor-widget-container\">\n\t\t\t\t\t\t\t\t\tlunes cerrado<br><br>martes 18:00\u201324:00<br><br>mi\u00e9rcoles 18:00\u201324:00<br><br>jueves 18:00\u201324:00<br><br>viernes 18:00\u20131:00<br><br>s\u00e1bado 12:00-1:00<br><br>domingo cerrado\t\t\t\t\t\t\t\t<\/div>\n\t\t\t\t<\/div>\n\t\t\t\t<\/div>\n\t\t\t\t\t<\/div>\n\t\t\t\t<\/div>\n\t\t\t\t<\/div>\n\t\t<div class=\"elementor-element elementor-element-f03baa0 e-con-full e-flex e-con e-parent\" data-id=\"f03baa0\" data-element_type=\"container\" data-e-type=\"container\">\n\t\t<div class=\"elementor-element elementor-element-f0d1b85 e-flex e-con-boxed e-con e-child\" data-id=\"f0d1b85\" data-element_type=\"container\" data-e-type=\"container\" data-settings=\"{&quot;background_background&quot;:&quot;classic&quot;}\">\n\t\t\t\t\t<div class=\"e-con-inner\">\n\t\t\t\t<div class=\"elementor-element elementor-element-10028e2 elementor-widget elementor-widget-heading\" data-id=\"10028e2\" data-element_type=\"widget\" data-e-type=\"widget\" data-widget_type=\"heading.default\">\n\t\t\t\t<div class=\"elementor-widget-container\">\n\t\t\t\t\t<h2 class=\"elementor-heading-title elementor-size-default\">Calle C\u00f2rsega, 611, en el coraz\u00f3n del barrio de Sagrada Familia<\/h2>\t\t\t\t<\/div>\n\t\t\t\t<\/div>\n\t\t\t\t<div class=\"elementor-element elementor-element-8388f8c elementor-widget elementor-widget-text-editor\" data-id=\"8388f8c\" data-element_type=\"widget\" data-e-type=\"widget\" data-widget_type=\"text-editor.default\">\n\t\t\t\t<div class=\"elementor-widget-container\">\n\t\t\t\t\t\t\t\t\t<p>Rodeados de vecinos, comercios de toda la vida y nuevas propuestas que dan forma a un barrio vivo, abierto y acogedor.<\/p>\n\t\t\t\t\t\t\t\t<\/div>\n\t\t\t\t<\/div>\n\t\t\t\t<div class=\"elementor-element elementor-element-f506c2c elementor-widget elementor-widget-button\" data-id=\"f506c2c\" data-element_type=\"widget\" data-e-type=\"widget\" data-widget_type=\"button.default\">\n\t\t\t\t<div class=\"elementor-widget-container\">\n\t\t\t\t\t\t\t\t\t<div class=\"elementor-button-wrapper\">\n\t\t\t\t\t<a class=\"elementor-button elementor-button-link elementor-size-sm\" href=\"https:\/\/www.qrcarta.com\/restaurant\/barcelona\/la-cerveseria-clandestina\/92\/\" target=\"_blank\" rel=\"noopener\">\n\t\t\t\t\t\t<span class=\"elementor-button-content-wrapper\">\n\t\t\t\t\t\t\t\t\t<span class=\"elementor-button-text\">Visita nuestra carta<\/span>\n\t\t\t\t\t<\/span>\n\t\t\t\t\t<\/a>\n\t\t\t\t<\/div>\n\t\t\t\t\t\t\t\t<\/div>\n\t\t\t\t<\/div>\n\t\t\t\t\t<\/div>\n\t\t\t\t<\/div>\n\t\t\t\t<\/div>\n\t\t\t\t<\/div>\n\t\t","protected":false},"excerpt":{"rendered":"<p>Donde estamos y contacto En el coraz\u00f3n del barrio de la Sagrada Familia A tan s\u00f3lo dos calles del templo y muy cerca de la Avenida Gaud\u00ed. Estamos junto a puntos emblem\u00e1ticos como el Hospital de Sant Pau ya pocos minutos andando de la Plaza de la Sagrada Familia. Nuestra cervecer\u00eda forma parte de un [&hellip;]<\/p>\n","protected":false},"author":1,"featured_media":0,"parent":0,"menu_order":0,"comment_status":"closed","ping_status":"closed","template":"page-templates\/pagebuilder.php","meta":{"zakra_page_container_layout":"customizer","zakra_page_sidebar_layout":"customizer","zakra_remove_content_margin":false,"zakra_sidebar":"customizer","zakra_transparent_header":"customizer","zakra_logo":0,"zakra_main_header_style":"default","zakra_menu_item_color":"","zakra_menu_item_hover_color":"","zakra_menu_item_active_color":"","zakra_menu_active_style":"","zakra_page_header":true,"footnotes":""},"class_list":["post-1428","page","type-page","status-publish","hentry"],"_links":{"self":[{"href":"https:\/\/lacerveseriaclandestina.cat\/es\/wp-json\/wp\/v2\/pages\/1428","targetHints":{"allow":["GET"]}}],"collection":[{"href":"https:\/\/lacerveseriaclandestina.cat\/es\/wp-json\/wp\/v2\/pages"}],"about":[{"href":"https:\/\/lacerveseriaclandestina.cat\/es\/wp-json\/wp\/v2\/types\/page"}],"author":[{"embeddable":true,"href":"https:\/\/lacerveseriaclandestina.cat\/es\/wp-json\/wp\/v2\/users\/1"}],"replies":[{"embeddable":true,"href":"https:\/\/lacerveseriaclandestina.cat\/es\/wp-json\/wp\/v2\/comments?post=1428"}],"version-history":[{"count":6,"href":"https:\/\/lacerveseriaclandestina.cat\/es\/wp-json\/wp\/v2\/pages\/1428\/revisions"}],"predecessor-version":[{"id":1638,"href":"https:\/\/lacerveseriaclandestina.cat\/es\/wp-json\/wp\/v2\/pages\/1428\/revisions\/1638"}],"wp:attachment":[{"href":"https:\/\/lacerveseriaclandestina.cat\/es\/wp-json\/wp\/v2\/media?parent=1428"}],"curies":[{"name":"wp","href":"https:\/\/api.w.org\/{rel}","templated":true}]}}