{"id":1532,"date":"2025-06-18T14:15:07","date_gmt":"2025-06-18T12:15:07","guid":{"rendered":"https:\/\/clandestina.crealogica.eu\/cervezas\/"},"modified":"2025-10-21T16:54:34","modified_gmt":"2025-10-21T14:54:34","slug":"cervezas-artesanas","status":"publish","type":"page","link":"https:\/\/lacerveseriaclandestina.cat\/es\/cervezas-artesanas\/","title":{"rendered":"Cervezas artesanas"},"content":{"rendered":"\t\t<div data-elementor-type=\"wp-page\" data-elementor-id=\"1532\" class=\"elementor elementor-1532 elementor-1070\" data-elementor-post-type=\"page\">\n\t\t\t\t<div class=\"elementor-element elementor-element-a4faa0b e-flex e-con-boxed e-con e-parent\" data-id=\"a4faa0b\" data-element_type=\"container\" data-e-type=\"container\" data-settings=\"{&quot;background_background&quot;:&quot;classic&quot;}\">\n\t\t\t\t\t<div class=\"e-con-inner\">\n\t\t\t\t<div class=\"elementor-element elementor-element-d0415b2 elementor-widget elementor-widget-heading\" data-id=\"d0415b2\" data-element_type=\"widget\" data-e-type=\"widget\" data-widget_type=\"heading.default\">\n\t\t\t\t<div class=\"elementor-widget-container\">\n\t\t\t\t\t<h1 class=\"elementor-heading-title elementor-size-default\">Cervezas artesanas en Sagrada Fam\u00edlia<\/h1>\t\t\t\t<\/div>\n\t\t\t\t<\/div>\n\t\t\t\t\t<\/div>\n\t\t\t\t<\/div>\n\t\t<div class=\"elementor-element elementor-element-2135468 e-flex e-con-boxed e-con e-parent\" data-id=\"2135468\" data-element_type=\"container\" data-e-type=\"container\">\n\t\t\t\t\t<div class=\"e-con-inner\">\n\t\t\t\t<div class=\"elementor-element elementor-element-df9ba66 elementor-widget elementor-widget-heading\" data-id=\"df9ba66\" data-element_type=\"widget\" data-e-type=\"widget\" data-widget_type=\"heading.default\">\n\t\t\t\t<div class=\"elementor-widget-container\">\n\t\t\t\t\t<h2 class=\"elementor-heading-title elementor-size-default\">Vive la cultura cervecera en el coraz\u00f3n de Barcelona<\/h2>\t\t\t\t<\/div>\n\t\t\t\t<\/div>\n\t\t<div class=\"elementor-element elementor-element-517ed25 e-grid e-con-full e-con e-child\" data-id=\"517ed25\" data-element_type=\"container\" data-e-type=\"container\">\n\t\t\t\t<div class=\"elementor-element elementor-element-c84cb7b elementor-widget elementor-widget-text-editor\" data-id=\"c84cb7b\" data-element_type=\"widget\" data-e-type=\"widget\" data-widget_type=\"text-editor.default\">\n\t\t\t\t<div class=\"elementor-widget-container\">\n\t\t\t\t\t\t\t\t\t<p>Si buscas un lugar aut\u00e9ntico donde disfrutar de cervezas artesanas en Barcelona, a pocos pasos de la <strong>Sagrada Fam\u00edlia<\/strong> te espera una cervecer\u00eda \u00fanica que combina sabor, cultura y buen ambiente. Con <strong>diez tiradores rotativos<\/strong> y una <strong>carta con m\u00e1s de 50 cervezas artesanas en botella<\/strong>, este espacio es un aut\u00e9ntico para\u00edso para los amantes de la buena birra.<\/p>\n<p>En esta cervecer\u00eda cercana a la Sagrada Fam\u00edlia no s\u00f3lo se sirve cerveza: se hace culto. Cada semana puedes descubrir <strong>nuevas referencias locales, nacionales e internacionales<\/strong>, cuidadosamente seleccionadas para ofrecerte una experiencia diferente cada vez que vengas.<\/p>\n\t\t\t\t\t\t\t\t<\/div>\n\t\t\t\t<\/div>\n\t\t\t\t<div class=\"elementor-element elementor-element-9420eff elementor-widget elementor-widget-image\" data-id=\"9420eff\" data-element_type=\"widget\" data-e-type=\"widget\" data-widget_type=\"image.default\">\n\t\t\t\t<div class=\"elementor-widget-container\">\n\t\t\t\t\t\t\t\t\t\t\t\t\t\t\t<img fetchpriority=\"high\" decoding=\"async\" width=\"1024\" height=\"678\" src=\"https:\/\/lacerveseriaclandestina.cat\/wp-content\/uploads\/2025\/06\/pexels-vedanti-66315-250465-1024x678.jpg\" class=\"attachment-large size-large wp-image-1126\" alt=\"cervezas artesanas en Sagrada Fam\u00edlia\" srcset=\"https:\/\/lacerveseriaclandestina.cat\/wp-content\/uploads\/2025\/06\/pexels-vedanti-66315-250465-1024x678.jpg 1024w, https:\/\/lacerveseriaclandestina.cat\/wp-content\/uploads\/2025\/06\/pexels-vedanti-66315-250465-300x199.jpg 300w, https:\/\/lacerveseriaclandestina.cat\/wp-content\/uploads\/2025\/06\/pexels-vedanti-66315-250465-768x509.jpg 768w, https:\/\/lacerveseriaclandestina.cat\/wp-content\/uploads\/2025\/06\/pexels-vedanti-66315-250465-1536x1017.jpg 1536w, https:\/\/lacerveseriaclandestina.cat\/wp-content\/uploads\/2025\/06\/pexels-vedanti-66315-250465-2048x1356.jpg 2048w\" sizes=\"(max-width: 1024px) 100vw, 1024px\" \/>\t\t\t\t\t\t\t\t\t\t\t\t\t\t\t<\/div>\n\t\t\t\t<\/div>\n\t\t\t\t<\/div>\n\t\t\t\t\t<\/div>\n\t\t\t\t<\/div>\n\t\t<div class=\"elementor-element elementor-element-9821cc4 e-flex e-con-boxed e-con e-parent\" data-id=\"9821cc4\" data-element_type=\"container\" data-e-type=\"container\" data-settings=\"{&quot;background_background&quot;:&quot;classic&quot;}\">\n\t\t\t\t\t<div class=\"e-con-inner\">\n\t\t\t\t<div class=\"elementor-element elementor-element-a06fabd elementor-widget__width-initial elementor-widget elementor-widget-heading\" data-id=\"a06fabd\" data-element_type=\"widget\" data-e-type=\"widget\" data-widget_type=\"heading.default\">\n\t\t\t\t<div class=\"elementor-widget-container\">\n\t\t\t\t\t<h2 class=\"elementor-heading-title elementor-size-default\">Cervezas artesanas en Sagrada Familia, todas las variedades para todos los gustos<\/h2>\t\t\t\t<\/div>\n\t\t\t\t<\/div>\n\t\t\t\t<div class=\"elementor-element elementor-element-ed2cd91 elementor-widget elementor-widget-text-editor\" data-id=\"ed2cd91\" data-element_type=\"widget\" data-e-type=\"widget\" data-widget_type=\"text-editor.default\">\n\t\t\t\t<div class=\"elementor-widget-container\">\n\t\t\t\t\t\t\t\t\t<p>Tanto si eres fan de las rubias m\u00e1s refrescantes como si prefieres una negra intensa o una IPA con car\u00e1cter, aqu\u00ed encontrar\u00e1s lo que buscas:<\/p>\n\t\t\t\t\t\t\t\t<\/div>\n\t\t\t\t<\/div>\n\t\t\t\t<div class=\"elementor-element elementor-element-51cfd01 elementor-widget elementor-widget-button\" data-id=\"51cfd01\" data-element_type=\"widget\" data-e-type=\"widget\" data-widget_type=\"button.default\">\n\t\t\t\t<div class=\"elementor-widget-container\">\n\t\t\t\t\t\t\t\t\t<div class=\"elementor-button-wrapper\">\n\t\t\t\t\t<a class=\"elementor-button elementor-button-link elementor-size-sm\" href=\"https:\/\/www.qrcarta.com\/restaurant\/barcelona\/la-cerveseria-clandestina\/92\/\" target=\"_blank\" rel=\"noopener\">\n\t\t\t\t\t\t<span class=\"elementor-button-content-wrapper\">\n\t\t\t\t\t\t\t\t\t<span class=\"elementor-button-text\">Visita nuestra carta<\/span>\n\t\t\t\t\t<\/span>\n\t\t\t\t\t<\/a>\n\t\t\t\t<\/div>\n\t\t\t\t\t\t\t\t<\/div>\n\t\t\t\t<\/div>\n\t\t\t\t\t<\/div>\n\t\t\t\t<\/div>\n\t\t<div class=\"elementor-element elementor-element-2a11b10 e-flex e-con-boxed e-con e-parent\" data-id=\"2a11b10\" data-element_type=\"container\" data-e-type=\"container\">\n\t\t\t\t\t<div class=\"e-con-inner\">\n\t\t\t\t<div class=\"elementor-element elementor-element-087f539 elementor-widget elementor-widget-heading\" data-id=\"087f539\" data-element_type=\"widget\" data-e-type=\"widget\" data-widget_type=\"heading.default\">\n\t\t\t\t<div class=\"elementor-widget-container\">\n\t\t\t\t\t<h2 class=\"elementor-heading-title elementor-size-default\">Ven y disfruta, entre otros, de esta selecci\u00f3n de estilos cerveceros<\/h2>\t\t\t\t<\/div>\n\t\t\t\t<\/div>\n\t\t\t\t\t<\/div>\n\t\t\t\t<\/div>\n\t\t<div class=\"elementor-element elementor-element-b75d7d9 e-grid e-con-boxed e-con e-parent\" data-id=\"b75d7d9\" data-element_type=\"container\" data-e-type=\"container\">\n\t\t\t\t\t<div class=\"e-con-inner\">\n\t\t<div class=\"elementor-element elementor-element-8047ac9 e-con-full e-flex e-con e-child\" data-id=\"8047ac9\" data-element_type=\"container\" data-e-type=\"container\">\n\t\t\t\t<div class=\"elementor-element elementor-element-2101e9b elementor-widget elementor-widget-heading\" data-id=\"2101e9b\" data-element_type=\"widget\" data-e-type=\"widget\" data-widget_type=\"heading.default\">\n\t\t\t\t<div class=\"elementor-widget-container\">\n\t\t\t\t\t<h3 class=\"elementor-heading-title elementor-size-default\">Pale Ale i IPA<\/h3>\t\t\t\t<\/div>\n\t\t\t\t<\/div>\n\t\t\t\t<div class=\"elementor-element elementor-element-a588cf8 elementor-widget elementor-widget-text-editor\" data-id=\"a588cf8\" data-element_type=\"widget\" data-e-type=\"widget\" data-widget_type=\"text-editor.default\">\n\t\t\t\t<div class=\"elementor-widget-container\">\n\t\t\t\t\t\t\t\t\t<p>Para quienes disfrutan de sabores intensos, amargos y arom\u00e1ticos. Tenemos desde IPAs c\u00edtricas y tropicales hasta las m\u00e1s resinosas y potentes.<\/p>\n\t\t\t\t\t\t\t\t<\/div>\n\t\t\t\t<\/div>\n\t\t\t\t<\/div>\n\t\t<div class=\"elementor-element elementor-element-ef0fad6 e-con-full e-flex e-con e-child\" data-id=\"ef0fad6\" data-element_type=\"container\" data-e-type=\"container\">\n\t\t\t\t<div class=\"elementor-element elementor-element-1c8fae1 elementor-widget elementor-widget-heading\" data-id=\"1c8fae1\" data-element_type=\"widget\" data-e-type=\"widget\" data-widget_type=\"heading.default\">\n\t\t\t\t<div class=\"elementor-widget-container\">\n\t\t\t\t\t<h3 class=\"elementor-heading-title elementor-size-default\">Lager artesanas<\/h3>\t\t\t\t<\/div>\n\t\t\t\t<\/div>\n\t\t\t\t<div class=\"elementor-element elementor-element-8067a6e elementor-widget elementor-widget-text-editor\" data-id=\"8067a6e\" data-element_type=\"widget\" data-e-type=\"widget\" data-widget_type=\"text-editor.default\">\n\t\t\t\t<div class=\"elementor-widget-container\">\n\t\t\t\t\t\t\t\t\t<p>Ligeras, frescas y perfectas para quien quiere empezar con algo suave pero con personalidad.<\/p>\n\t\t\t\t\t\t\t\t<\/div>\n\t\t\t\t<\/div>\n\t\t\t\t<\/div>\n\t\t<div class=\"elementor-element elementor-element-8248675 e-con-full e-flex e-con e-child\" data-id=\"8248675\" data-element_type=\"container\" data-e-type=\"container\">\n\t\t\t\t<div class=\"elementor-element elementor-element-ace7af0 elementor-widget elementor-widget-heading\" data-id=\"ace7af0\" data-element_type=\"widget\" data-e-type=\"widget\" data-widget_type=\"heading.default\">\n\t\t\t\t<div class=\"elementor-widget-container\">\n\t\t\t\t\t<h3 class=\"elementor-heading-title elementor-size-default\">Cervezas de trigo<\/h3>\t\t\t\t<\/div>\n\t\t\t\t<\/div>\n\t\t\t\t<div class=\"elementor-element elementor-element-8e49ab4 elementor-widget elementor-widget-text-editor\" data-id=\"8e49ab4\" data-element_type=\"widget\" data-e-type=\"widget\" data-widget_type=\"text-editor.default\">\n\t\t\t\t<div class=\"elementor-widget-container\">\n\t\t\t\t\t\t\t\t\t<p>Suaves, ligeramente afrutadas y con ese toque especiado tan agradable.<\/p>\n\t\t\t\t\t\t\t\t<\/div>\n\t\t\t\t<\/div>\n\t\t\t\t<\/div>\n\t\t<div class=\"elementor-element elementor-element-f7a29fb e-con-full e-flex e-con e-child\" data-id=\"f7a29fb\" data-element_type=\"container\" data-e-type=\"container\">\n\t\t\t\t<div class=\"elementor-element elementor-element-76cbd90 elementor-widget elementor-widget-heading\" data-id=\"76cbd90\" data-element_type=\"widget\" data-e-type=\"widget\" data-widget_type=\"heading.default\">\n\t\t\t\t<div class=\"elementor-widget-container\">\n\t\t\t\t\t<h3 class=\"elementor-heading-title elementor-size-default\">Amber Ale i Red Ale<\/h3>\t\t\t\t<\/div>\n\t\t\t\t<\/div>\n\t\t\t\t<div class=\"elementor-element elementor-element-b27bb1a elementor-widget elementor-widget-text-editor\" data-id=\"b27bb1a\" data-element_type=\"widget\" data-e-type=\"widget\" data-widget_type=\"text-editor.default\">\n\t\t\t\t<div class=\"elementor-widget-container\">\n\t\t\t\t\t\t\t\t\t<p>De color rojizo, maltosas y equilibradas, ideales para quien busca matices dulces y tostados.<\/p>\n\t\t\t\t\t\t\t\t<\/div>\n\t\t\t\t<\/div>\n\t\t\t\t<\/div>\n\t\t<div class=\"elementor-element elementor-element-47e01e1 e-con-full e-flex e-con e-child\" data-id=\"47e01e1\" data-element_type=\"container\" data-e-type=\"container\">\n\t\t\t\t<div class=\"elementor-element elementor-element-ab4a6a2 elementor-widget elementor-widget-heading\" data-id=\"ab4a6a2\" data-element_type=\"widget\" data-e-type=\"widget\" data-widget_type=\"heading.default\">\n\t\t\t\t<div class=\"elementor-widget-container\">\n\t\t\t\t\t<h3 class=\"elementor-heading-title elementor-size-default\">Porter i Stout<\/h3>\t\t\t\t<\/div>\n\t\t\t\t<\/div>\n\t\t\t\t<div class=\"elementor-element elementor-element-6c4d3d0 elementor-widget elementor-widget-text-editor\" data-id=\"6c4d3d0\" data-element_type=\"widget\" data-e-type=\"widget\" data-widget_type=\"text-editor.default\">\n\t\t\t\t<div class=\"elementor-widget-container\">\n\t\t\t\t\t\t\t\t\t<p>Negras, intensas, con notas de caf\u00e9, cacao y regaliz. Un placer para paladares curiosos.<\/p>\n\t\t\t\t\t\t\t\t<\/div>\n\t\t\t\t<\/div>\n\t\t\t\t<\/div>\n\t\t<div class=\"elementor-element elementor-element-6dfe087 e-con-full e-flex e-con e-child\" data-id=\"6dfe087\" data-element_type=\"container\" data-e-type=\"container\">\n\t\t\t\t<div class=\"elementor-element elementor-element-c129b92 elementor-widget elementor-widget-heading\" data-id=\"c129b92\" data-element_type=\"widget\" data-e-type=\"widget\" data-widget_type=\"heading.default\">\n\t\t\t\t<div class=\"elementor-widget-container\">\n\t\t\t\t\t<h3 class=\"elementor-heading-title elementor-size-default\">Sour, Gose i altres<\/h3>\t\t\t\t<\/div>\n\t\t\t\t<\/div>\n\t\t\t\t<div class=\"elementor-element elementor-element-e48c949 elementor-widget elementor-widget-text-editor\" data-id=\"e48c949\" data-element_type=\"widget\" data-e-type=\"widget\" data-widget_type=\"text-editor.default\">\n\t\t\t\t<div class=\"elementor-widget-container\">\n\t\t\t\t\t\t\t\t\t<p>\u00c1cidas, salinas o con fermentaciones especiales. Perfectas para quien quiere una experiencia distinta.<\/p>\n\t\t\t\t\t\t\t\t<\/div>\n\t\t\t\t<\/div>\n\t\t\t\t<\/div>\n\t\t\t\t\t<\/div>\n\t\t\t\t<\/div>\n\t\t<div class=\"elementor-element elementor-element-5c539cb e-flex e-con-boxed e-con e-parent\" data-id=\"5c539cb\" data-element_type=\"container\" data-e-type=\"container\">\n\t\t\t\t\t<div class=\"e-con-inner\">\n\t\t<div class=\"elementor-element elementor-element-c40e8e3 e-con-full e-flex e-con e-child\" data-id=\"c40e8e3\" data-element_type=\"container\" data-e-type=\"container\">\n\t\t\t\t<div class=\"elementor-element elementor-element-52d6c1b elementor-widget elementor-widget-heading\" data-id=\"52d6c1b\" data-element_type=\"widget\" data-e-type=\"widget\" data-widget_type=\"heading.default\">\n\t\t\t\t<div class=\"elementor-widget-container\">\n\t\t\t\t\t<h2 class=\"elementor-heading-title elementor-size-default\">Bebe cerveza local, ten una idea global<\/h2>\t\t\t\t<\/div>\n\t\t\t\t<\/div>\n\t\t\t\t<div class=\"elementor-element elementor-element-6419281 elementor-widget elementor-widget-text-editor\" data-id=\"6419281\" data-element_type=\"widget\" data-e-type=\"widget\" data-widget_type=\"text-editor.default\">\n\t\t\t\t<div class=\"elementor-widget-container\">\n\t\t\t\t\t\t\t\t\t<p>En la Cervecer\u00eda Clandestina, muchas de las referencias disponibles son de <strong>cervecer\u00edas locales de Barcelona y Catalu\u00f1a<\/strong>, apoyando a los productores artesanales, cervezas artesanas de proximidad.<\/p>\n\t\t\t\t\t\t\t\t<\/div>\n\t\t\t\t<\/div>\n\t\t\t\t<\/div>\n\t\t\t\t\t<\/div>\n\t\t\t\t<\/div>\n\t\t<div class=\"elementor-element elementor-element-8da6159 e-flex e-con-boxed e-con e-parent\" data-id=\"8da6159\" data-element_type=\"container\" data-e-type=\"container\" data-settings=\"{&quot;background_background&quot;:&quot;classic&quot;}\">\n\t\t\t\t\t<div class=\"e-con-inner\">\n\t\t\t\t<div class=\"elementor-element elementor-element-943c833 elementor-widget elementor-widget-heading\" data-id=\"943c833\" data-element_type=\"widget\" data-e-type=\"widget\" data-widget_type=\"heading.default\">\n\t\t\t\t<div class=\"elementor-widget-container\">\n\t\t\t\t\t<h2 class=\"elementor-heading-title elementor-size-default\">M\u00e1s que cerveza: un espacio con alma<\/h2>\t\t\t\t<\/div>\n\t\t\t\t<\/div>\n\t\t\t\t<div class=\"elementor-element elementor-element-589bdba elementor-widget elementor-widget-text-editor\" data-id=\"589bdba\" data-element_type=\"widget\" data-e-type=\"widget\" data-widget_type=\"text-editor.default\">\n\t\t\t\t<div class=\"elementor-widget-container\">\n\t\t\t\t\t\t\t\t\t<p>Esta cervecer\u00eda junto a la Sagrada Familia no s\u00f3lo destaca por su carta de cervezas artesanas. El ambiente es c\u00e1lido, con una cuidada selecci\u00f3n de <strong>m\u00fasica<\/strong> y una atm\u00f3sfera que invita a quedarse. Es el lugar ideal tanto para realizar una birra con amigos como para descubrir nuevos sabores por tu cuenta.<\/p>\n<p><strong>Descubre la mejor cerveza artesanal en la Sagrada Fam\u00edlia<\/strong>. Tanto si es por una tarde tranquila como por una noche especial, este local es una parada imprescindible en el mapa cervecero de Barcelona.<\/p>\n\t\t\t\t\t\t\t\t<\/div>\n\t\t\t\t<\/div>\n\t\t\t\t<div class=\"elementor-element elementor-element-1a595a5 elementor-align-left elementor-widget elementor-widget-button\" data-id=\"1a595a5\" data-element_type=\"widget\" data-e-type=\"widget\" data-widget_type=\"button.default\">\n\t\t\t\t<div class=\"elementor-widget-container\">\n\t\t\t\t\t\t\t\t\t<div class=\"elementor-button-wrapper\">\n\t\t\t\t\t<a class=\"elementor-button elementor-button-link elementor-size-sm\" href=\"https:\/\/lacerveseriaclandestina.cat\/es\/donde-estamos\/\">\n\t\t\t\t\t\t<span class=\"elementor-button-content-wrapper\">\n\t\t\t\t\t\t\t\t\t<span class=\"elementor-button-text\">D\u00f3nde estamos<\/span>\n\t\t\t\t\t<\/span>\n\t\t\t\t\t<\/a>\n\t\t\t\t<\/div>\n\t\t\t\t\t\t\t\t<\/div>\n\t\t\t\t<\/div>\n\t\t\t\t\t<\/div>\n\t\t\t\t<\/div>\n\t\t\t\t<\/div>\n\t\t","protected":false},"excerpt":{"rendered":"<p>Cervezas artesanas en Sagrada Fam\u00edlia Vive la cultura cervecera en el coraz\u00f3n de Barcelona Si buscas un lugar aut\u00e9ntico donde disfrutar de cervezas artesanas en Barcelona, a pocos pasos de la Sagrada Fam\u00edlia te espera una cervecer\u00eda \u00fanica que combina sabor, cultura y buen ambiente. Con diez tiradores rotativos y una carta con m\u00e1s de [&hellip;]<\/p>\n","protected":false},"author":1,"featured_media":0,"parent":0,"menu_order":0,"comment_status":"closed","ping_status":"closed","template":"page-templates\/pagebuilder.php","meta":{"zakra_page_container_layout":"customizer","zakra_page_sidebar_layout":"customizer","zakra_remove_content_margin":false,"zakra_sidebar":"customizer","zakra_transparent_header":"customizer","zakra_logo":0,"zakra_main_header_style":"default","zakra_menu_item_color":"","zakra_menu_item_hover_color":"","zakra_menu_item_active_color":"","zakra_menu_active_style":"","zakra_page_header":true,"footnotes":""},"class_list":["post-1532","page","type-page","status-publish","hentry"],"_links":{"self":[{"href":"https:\/\/lacerveseriaclandestina.cat\/es\/wp-json\/wp\/v2\/pages\/1532","targetHints":{"allow":["GET"]}}],"collection":[{"href":"https:\/\/lacerveseriaclandestina.cat\/es\/wp-json\/wp\/v2\/pages"}],"about":[{"href":"https:\/\/lacerveseriaclandestina.cat\/es\/wp-json\/wp\/v2\/types\/page"}],"author":[{"embeddable":true,"href":"https:\/\/lacerveseriaclandestina.cat\/es\/wp-json\/wp\/v2\/users\/1"}],"replies":[{"embeddable":true,"href":"https:\/\/lacerveseriaclandestina.cat\/es\/wp-json\/wp\/v2\/comments?post=1532"}],"version-history":[{"count":40,"href":"https:\/\/lacerveseriaclandestina.cat\/es\/wp-json\/wp\/v2\/pages\/1532\/revisions"}],"predecessor-version":[{"id":1830,"href":"https:\/\/lacerveseriaclandestina.cat\/es\/wp-json\/wp\/v2\/pages\/1532\/revisions\/1830"}],"wp:attachment":[{"href":"https:\/\/lacerveseriaclandestina.cat\/es\/wp-json\/wp\/v2\/media?parent=1532"}],"curies":[{"name":"wp","href":"https:\/\/api.w.org\/{rel}","templated":true}]}}