{"id":1534,"date":"2025-06-18T14:01:01","date_gmt":"2025-06-18T12:01:01","guid":{"rendered":"https:\/\/clandestina.crealogica.eu\/la-comida\/"},"modified":"2025-10-16T11:32:57","modified_gmt":"2025-10-16T09:32:57","slug":"tapas-caseras","status":"publish","type":"page","link":"https:\/\/lacerveseriaclandestina.cat\/es\/tapas-caseras\/","title":{"rendered":"Tapas caseras"},"content":{"rendered":"\t\t<div data-elementor-type=\"wp-page\" data-elementor-id=\"1534\" class=\"elementor elementor-1534 elementor-1061\" data-elementor-post-type=\"page\">\n\t\t\t\t<div class=\"elementor-element elementor-element-9ea6667 e-flex e-con-boxed e-con e-parent\" data-id=\"9ea6667\" data-element_type=\"container\" data-e-type=\"container\" data-settings=\"{&quot;background_background&quot;:&quot;classic&quot;}\">\n\t\t\t\t\t<div class=\"e-con-inner\">\n\t\t\t\t<div class=\"elementor-element elementor-element-b4fdc9b elementor-widget elementor-widget-heading\" data-id=\"b4fdc9b\" data-element_type=\"widget\" data-e-type=\"widget\" data-widget_type=\"heading.default\">\n\t\t\t\t<div class=\"elementor-widget-container\">\n\t\t\t\t\t<h1 class=\"elementor-heading-title elementor-size-default\">Tapas caseras y comida con opciones veganas<\/h1>\t\t\t\t<\/div>\n\t\t\t\t<\/div>\n\t\t\t\t\t<\/div>\n\t\t\t\t<\/div>\n\t\t<div class=\"elementor-element elementor-element-621ae40 e-flex e-con-boxed e-con e-parent\" data-id=\"621ae40\" data-element_type=\"container\" data-e-type=\"container\">\n\t\t\t\t\t<div class=\"e-con-inner\">\n\t\t\t\t<div class=\"elementor-element elementor-element-51a3635 elementor-widget elementor-widget-heading\" data-id=\"51a3635\" data-element_type=\"widget\" data-e-type=\"widget\" data-widget_type=\"heading.default\">\n\t\t\t\t<div class=\"elementor-widget-container\">\n\t\t\t\t\t<h2 class=\"elementor-heading-title elementor-size-default\">Tapas caseras, fr\u00edas y calientes, con opciones veganas<\/h2>\t\t\t\t<\/div>\n\t\t\t\t<\/div>\n\t\t<div class=\"elementor-element elementor-element-e4d3843 e-grid e-con-full e-con e-child\" data-id=\"e4d3843\" data-element_type=\"container\" data-e-type=\"container\">\n\t\t\t\t<div class=\"elementor-element elementor-element-e59a5d0 elementor-widget elementor-widget-text-editor\" data-id=\"e59a5d0\" data-element_type=\"widget\" data-e-type=\"widget\" data-widget_type=\"text-editor.default\">\n\t\t\t\t<div class=\"elementor-widget-container\">\n\t\t\t\t\t\t\t\t\t<p>Si est\u00e1s cansado de los gastrobares pretenciosos y las cadenas impersonales, ven a descubrir una cervecer\u00eda como las de antes, en el coraz\u00f3n de la Sagrada Fam\u00edlia. En nuestra carta encontrar\u00e1s<strong> tapas artesanas, caseras y creativas<\/strong>, elaboradas con ingredientes de calidad y pensadas para compartir con amigos y disfrutar con una buena cerveza artesana.<\/p>\n<p>Desde cl\u00e1sicos reinventados hasta opciones 100% vegetales, ofrecemos una cocina cercana, honesta y con un toque de originalidad. \u00a1Adem\u00e1s, <strong>siempre hay novedades<\/strong> que sorprenden al paladar!<\/p>\n\t\t\t\t\t\t\t\t<\/div>\n\t\t\t\t<\/div>\n\t\t\t\t<div class=\"elementor-element elementor-element-6dbe9ad elementor-widget elementor-widget-image\" data-id=\"6dbe9ad\" data-element_type=\"widget\" data-e-type=\"widget\" data-widget_type=\"image.default\">\n\t\t\t\t<div class=\"elementor-widget-container\">\n\t\t\t\t\t\t\t\t\t\t\t\t\t\t\t<img fetchpriority=\"high\" decoding=\"async\" width=\"630\" height=\"472\" src=\"https:\/\/lacerveseriaclandestina.cat\/wp-content\/uploads\/2025\/06\/unnamed.webp\" class=\"attachment-large size-large wp-image-1179\" alt=\"tapas caseras\" srcset=\"https:\/\/lacerveseriaclandestina.cat\/wp-content\/uploads\/2025\/06\/unnamed.webp 630w, https:\/\/lacerveseriaclandestina.cat\/wp-content\/uploads\/2025\/06\/unnamed-300x225.webp 300w\" sizes=\"(max-width: 630px) 100vw, 630px\" \/>\t\t\t\t\t\t\t\t\t\t\t\t\t\t\t<\/div>\n\t\t\t\t<\/div>\n\t\t\t\t<\/div>\n\t\t\t\t\t<\/div>\n\t\t\t\t<\/div>\n\t\t<div class=\"elementor-element elementor-element-75fceba e-flex e-con-boxed e-con e-parent\" data-id=\"75fceba\" data-element_type=\"container\" data-e-type=\"container\" data-settings=\"{&quot;background_background&quot;:&quot;classic&quot;}\">\n\t\t\t\t\t<div class=\"e-con-inner\">\n\t\t\t\t<div class=\"elementor-element elementor-element-91674df elementor-widget elementor-widget-heading\" data-id=\"91674df\" data-element_type=\"widget\" data-e-type=\"widget\" data-widget_type=\"heading.default\">\n\t\t\t\t<div class=\"elementor-widget-container\">\n\t\t\t\t\t<h2 class=\"elementor-heading-title elementor-size-default\">Aqu\u00ed las tapas son una experiencia gastron\u00f3mica.<\/h2>\t\t\t\t<\/div>\n\t\t\t\t<\/div>\n\t\t\t\t<div class=\"elementor-element elementor-element-a88ed1e elementor-widget elementor-widget-text-editor\" data-id=\"a88ed1e\" data-element_type=\"widget\" data-e-type=\"widget\" data-widget_type=\"text-editor.default\">\n\t\t\t\t<div class=\"elementor-widget-container\">\n\t\t\t\t\t\t\t\t\t<p>Puedes empezar con unos<strong> torreznos en trinchado de la Cerdanya<\/strong>, seguir con una <strong>flor de alcachofa a la plancha<\/strong> o un delicioso <strong>lac\u00f3n a la gallega<\/strong>. \u00bfTe apetece algo vegano? Prueba la <strong>tempura de shitake<\/strong>, las <strong>patatas camperas en salsa de cal\u00e7ots<\/strong>, o el mix de <strong>croquetas veganas caseras<\/strong> con 4 sabores que te sorprender\u00e1n.<\/p>\n\t\t\t\t\t\t\t\t<\/div>\n\t\t\t\t<\/div>\n\t\t\t\t<div class=\"elementor-element elementor-element-b6c5127 elementor-widget elementor-widget-button\" data-id=\"b6c5127\" data-element_type=\"widget\" data-e-type=\"widget\" data-widget_type=\"button.default\">\n\t\t\t\t<div class=\"elementor-widget-container\">\n\t\t\t\t\t\t\t\t\t<div class=\"elementor-button-wrapper\">\n\t\t\t\t\t<a class=\"elementor-button elementor-button-link elementor-size-sm\" href=\"https:\/\/www.qrcarta.com\/restaurant\/barcelona\/la-cerveseria-clandestina\/92\/\" target=\"_blank\" rel=\"noopener\">\n\t\t\t\t\t\t<span class=\"elementor-button-content-wrapper\">\n\t\t\t\t\t\t\t\t\t<span class=\"elementor-button-text\">Visita nuestra carta<\/span>\n\t\t\t\t\t<\/span>\n\t\t\t\t\t<\/a>\n\t\t\t\t<\/div>\n\t\t\t\t\t\t\t\t<\/div>\n\t\t\t\t<\/div>\n\t\t\t\t\t<\/div>\n\t\t\t\t<\/div>\n\t\t<div class=\"elementor-element elementor-element-f225c9d e-flex e-con-boxed e-con e-parent\" data-id=\"f225c9d\" data-element_type=\"container\" data-e-type=\"container\">\n\t\t\t\t\t<div class=\"e-con-inner\">\n\t\t<div class=\"elementor-element elementor-element-adeec7b e-grid e-con-full e-con e-child\" data-id=\"adeec7b\" data-element_type=\"container\" data-e-type=\"container\">\n\t\t\t\t<div class=\"elementor-element elementor-element-083206c elementor-widget elementor-widget-text-editor\" data-id=\"083206c\" data-element_type=\"widget\" data-e-type=\"widget\" data-widget_type=\"text-editor.default\">\n\t\t\t\t<div class=\"elementor-widget-container\">\n\t\t\t\t\t\t\t\t\t<p>Si eres amante de la carne, te ofrecemos una selecci\u00f3n de hamburguesas elaboradas con 120 g de carne de ternera gallega de gran calidad, combinadas con sabores sorprendentes como olivada y queso hecha, tomate seco con queso de cabra, gorgonzola con pesto, pimienta verde, escalivada o incluso.<\/p>\n<p>Para quienes apuestan por una alimentaci\u00f3n <strong>vegana o de origen vegetal<\/strong>, tenemos una propuesta variada y creativa con ingredientes 100% vegetales. Descubre opciones como <strong>Chicken Lover<\/strong> de Hiedra, <strong>Clandeburger<\/strong> con crema de cacahuete y remolacha, <strong>Aloha<\/strong> con pi\u00f1a y un toque de soja, o <strong>Suprema con calabac\u00edn<\/strong> a la plancha y queso vegano con hierbas. Incluso tenemos la <strong>Double Trouble<\/strong>, una experiencia doble con salchicha Beyond.<\/p>\n\t\t\t\t\t\t\t\t<\/div>\n\t\t\t\t<\/div>\n\t\t<div class=\"elementor-element elementor-element-a99cccb e-con-full e-flex e-con e-child\" data-id=\"a99cccb\" data-element_type=\"container\" data-e-type=\"container\">\n\t\t\t\t<div class=\"elementor-element elementor-element-ef87253 elementor-widget elementor-widget-heading\" data-id=\"ef87253\" data-element_type=\"widget\" data-e-type=\"widget\" data-widget_type=\"heading.default\">\n\t\t\t\t<div class=\"elementor-widget-container\">\n\t\t\t\t\t<h2 class=\"elementor-heading-title elementor-size-default\">Hamburguesas para todos los gustos<\/h2>\t\t\t\t<\/div>\n\t\t\t\t<\/div>\n\t\t\t\t<div class=\"elementor-element elementor-element-b698871 elementor-widget elementor-widget-image\" data-id=\"b698871\" data-element_type=\"widget\" data-e-type=\"widget\" data-widget_type=\"image.default\">\n\t\t\t\t<div class=\"elementor-widget-container\">\n\t\t\t\t\t\t\t\t\t\t\t\t\t\t\t<img decoding=\"async\" width=\"680\" height=\"453\" src=\"https:\/\/lacerveseriaclandestina.cat\/wp-content\/uploads\/2025\/06\/2017-09-05.webp\" class=\"attachment-large size-large wp-image-1204\" alt=\"\" srcset=\"https:\/\/lacerveseriaclandestina.cat\/wp-content\/uploads\/2025\/06\/2017-09-05.webp 680w, https:\/\/lacerveseriaclandestina.cat\/wp-content\/uploads\/2025\/06\/2017-09-05-300x200.webp 300w\" sizes=\"(max-width: 680px) 100vw, 680px\" \/>\t\t\t\t\t\t\t\t\t\t\t\t\t\t\t<\/div>\n\t\t\t\t<\/div>\n\t\t\t\t<\/div>\n\t\t\t\t<\/div>\n\t\t<div class=\"elementor-element elementor-element-97a5ce2 e-con-full e-flex e-con e-child\" data-id=\"97a5ce2\" data-element_type=\"container\" data-e-type=\"container\">\n\t\t\t\t<div class=\"elementor-element elementor-element-9311775 elementor-widget elementor-widget-text-editor\" data-id=\"9311775\" data-element_type=\"widget\" data-e-type=\"widget\" data-widget_type=\"text-editor.default\">\n\t\t\t\t<div class=\"elementor-widget-container\">\n\t\t\t\t\t\t\t\t\t<p>Tanto si eres omn\u00edvoro como si prefieres una opci\u00f3n vegetal, aqu\u00ed encontrar\u00e1s tu hamburguesa perfecta.<\/p>\n\t\t\t\t\t\t\t\t<\/div>\n\t\t\t\t<\/div>\n\t\t\t\t<\/div>\n\t\t\t\t\t<\/div>\n\t\t\t\t<\/div>\n\t\t<div class=\"elementor-element elementor-element-a94ea74 e-flex e-con-boxed e-con e-parent\" data-id=\"a94ea74\" data-element_type=\"container\" data-e-type=\"container\" data-settings=\"{&quot;background_background&quot;:&quot;classic&quot;}\">\n\t\t\t\t\t<div class=\"e-con-inner\">\n\t\t\t\t<div class=\"elementor-element elementor-element-876a7bb elementor-widget elementor-widget-heading\" data-id=\"876a7bb\" data-element_type=\"widget\" data-e-type=\"widget\" data-widget_type=\"heading.default\">\n\t\t\t\t<div class=\"elementor-widget-container\">\n\t\t\t\t\t<h2 class=\"elementor-heading-title elementor-size-default\">Una cervecer\u00eda de las que se echan de menos<\/h2>\t\t\t\t<\/div>\n\t\t\t\t<\/div>\n\t\t\t\t<div class=\"elementor-element elementor-element-195c626 elementor-widget elementor-widget-text-editor\" data-id=\"195c626\" data-element_type=\"widget\" data-e-type=\"widget\" data-widget_type=\"text-editor.default\">\n\t\t\t\t<div class=\"elementor-widget-container\">\n\t\t\t\t\t\t\t\t\t<p>Esta cervecer\u00eda no s\u00f3lo ofrece una carta variada, casera y con <strong>opciones veganas reales<\/strong>, tambi\u00e9n <strong>recupera el esp\u00edritu de los bares de toda la vida<\/strong>, con un equipo que te trata como en casa, sin pretensiones y con muchas ganas de que vuelvas.<\/p>\n<p>Si est\u00e1s buscando <strong>tapas en Barcelona con gusto aut\u00e9ntico<\/strong>, un sitio donde las <strong>hamburguesas veganas bon\u00edsimas<\/strong>, o simplemente un espacio donde sentirte bien acogido, <strong>\u00e9ste es tu sitio<\/strong>.<\/p>\n\t\t\t\t\t\t\t\t<\/div>\n\t\t\t\t<\/div>\n\t\t\t\t\t<\/div>\n\t\t\t\t<\/div>\n\t\t\t\t<\/div>\n\t\t","protected":false},"excerpt":{"rendered":"<p>Tapas caseras y comida con opciones veganas Tapas caseras, fr\u00edas y calientes, con opciones veganas Si est\u00e1s cansado de los gastrobares pretenciosos y las cadenas impersonales, ven a descubrir una cervecer\u00eda como las de antes, en el coraz\u00f3n de la Sagrada Fam\u00edlia. En nuestra carta encontrar\u00e1s tapas artesanas, caseras y creativas, elaboradas con ingredientes de [&hellip;]<\/p>\n","protected":false},"author":1,"featured_media":0,"parent":0,"menu_order":0,"comment_status":"closed","ping_status":"closed","template":"page-templates\/pagebuilder.php","meta":{"zakra_page_container_layout":"customizer","zakra_page_sidebar_layout":"customizer","zakra_remove_content_margin":false,"zakra_sidebar":"customizer","zakra_transparent_header":"customizer","zakra_logo":0,"zakra_main_header_style":"default","zakra_menu_item_color":"","zakra_menu_item_hover_color":"","zakra_menu_item_active_color":"","zakra_menu_active_style":"","zakra_page_header":true,"footnotes":""},"class_list":["post-1534","page","type-page","status-publish","hentry"],"_links":{"self":[{"href":"https:\/\/lacerveseriaclandestina.cat\/es\/wp-json\/wp\/v2\/pages\/1534","targetHints":{"allow":["GET"]}}],"collection":[{"href":"https:\/\/lacerveseriaclandestina.cat\/es\/wp-json\/wp\/v2\/pages"}],"about":[{"href":"https:\/\/lacerveseriaclandestina.cat\/es\/wp-json\/wp\/v2\/types\/page"}],"author":[{"embeddable":true,"href":"https:\/\/lacerveseriaclandestina.cat\/es\/wp-json\/wp\/v2\/users\/1"}],"replies":[{"embeddable":true,"href":"https:\/\/lacerveseriaclandestina.cat\/es\/wp-json\/wp\/v2\/comments?post=1534"}],"version-history":[{"count":9,"href":"https:\/\/lacerveseriaclandestina.cat\/es\/wp-json\/wp\/v2\/pages\/1534\/revisions"}],"predecessor-version":[{"id":1750,"href":"https:\/\/lacerveseriaclandestina.cat\/es\/wp-json\/wp\/v2\/pages\/1534\/revisions\/1750"}],"wp:attachment":[{"href":"https:\/\/lacerveseriaclandestina.cat\/es\/wp-json\/wp\/v2\/media?parent=1534"}],"curies":[{"name":"wp","href":"https:\/\/api.w.org\/{rel}","templated":true}]}}