{"id":1536,"date":"2025-06-18T10:37:04","date_gmt":"2025-06-18T08:37:04","guid":{"rendered":"https:\/\/clandestina.crealogica.eu\/inicio\/"},"modified":"2025-11-25T09:19:09","modified_gmt":"2025-11-25T08:19:09","slug":"inicio","status":"publish","type":"page","link":"https:\/\/lacerveseriaclandestina.cat\/es\/","title":{"rendered":"Inicio"},"content":{"rendered":"\t\t<div data-elementor-type=\"wp-page\" data-elementor-id=\"1536\" class=\"elementor elementor-1536 elementor-1021\" data-elementor-post-type=\"page\">\n\t\t\t\t<div class=\"elementor-element elementor-element-4622734 e-con-full e-flex elementor-invisible e-con e-parent\" data-id=\"4622734\" data-element_type=\"container\" data-e-type=\"container\" data-settings=\"{&quot;background_background&quot;:&quot;video&quot;,&quot;background_video_link&quot;:&quot;https:\\\/\\\/www.youtube.com\\\/watch?v=Zu8FOmCLhdw&amp;t=5s&quot;,&quot;background_video_start&quot;:5,&quot;background_video_end&quot;:28,&quot;background_play_on_mobile&quot;:&quot;yes&quot;,&quot;animation&quot;:&quot;fadeIn&quot;,&quot;animation_delay&quot;:2000}\">\n\t\t<div class=\"elementor-background-video-container\">\n\t\t\t\t\t\t\t<div class=\"elementor-background-video-embed\" role=\"presentation\"><\/div>\n\t\t\t\t\t\t<\/div>\t\t<div class=\"elementor-element elementor-element-2c43ed9 elementor-widget elementor-widget-heading\" data-id=\"2c43ed9\" data-element_type=\"widget\" data-e-type=\"widget\" data-widget_type=\"heading.default\">\n\t\t\t\t<div class=\"elementor-widget-container\">\n\t\t\t\t\t<h1 class=\"elementor-heading-title elementor-size-default\">Cervecer\u00eda artesanal en <br \/> Barcelona<\/h1>\t\t\t\t<\/div>\n\t\t\t\t<\/div>\n\t\t\t\t<div class=\"elementor-element elementor-element-dbdb84c elementor-widget elementor-widget-heading\" data-id=\"dbdb84c\" data-element_type=\"widget\" data-e-type=\"widget\" data-widget_type=\"heading.default\">\n\t\t\t\t<div class=\"elementor-widget-container\">\n\t\t\t\t\t<h2 class=\"elementor-heading-title elementor-size-default\">Buena cerveza, buenas tapas y opciones veganas<\/h2>\t\t\t\t<\/div>\n\t\t\t\t<\/div>\n\t\t\t\t<\/div>\n\t\t<div class=\"elementor-element elementor-element-bf8e1ef e-flex e-con-boxed e-con e-parent\" data-id=\"bf8e1ef\" data-element_type=\"container\" data-e-type=\"container\" data-settings=\"{&quot;background_background&quot;:&quot;classic&quot;}\">\n\t\t\t\t\t<div class=\"e-con-inner\">\n\t\t\t\t<div class=\"elementor-element elementor-element-34f6631 elementor-widget elementor-widget-heading\" data-id=\"34f6631\" data-element_type=\"widget\" data-e-type=\"widget\" data-widget_type=\"heading.default\">\n\t\t\t\t<div class=\"elementor-widget-container\">\n\t\t\t\t\t<div class=\"elementor-heading-title elementor-size-default\">Cervezas bien tiradas y buen rollo<\/div>\t\t\t\t<\/div>\n\t\t\t\t<\/div>\n\t\t\t\t<div class=\"elementor-element elementor-element-7d7b822 elementor-widget elementor-widget-heading\" data-id=\"7d7b822\" data-element_type=\"widget\" data-e-type=\"widget\" data-widget_type=\"heading.default\">\n\t\t\t\t<div class=\"elementor-widget-container\">\n\t\t\t\t\t<h2 class=\"elementor-heading-title elementor-size-default\">Cervecer\u00eda artesanal en Barcelona<\/h2>\t\t\t\t<\/div>\n\t\t\t\t<\/div>\n\t\t\t\t<div class=\"elementor-element elementor-element-a2dae0e elementor-widget elementor-widget-text-editor\" data-id=\"a2dae0e\" data-element_type=\"widget\" data-e-type=\"widget\" data-widget_type=\"text-editor.default\">\n\t\t\t\t<div class=\"elementor-widget-container\">\n\t\t\t\t\t\t\t\t\t<p><strong>En la Cervecer\u00eda Clandestina<\/strong>, nuestra cervecer\u00eda artesanal en<strong>\u00a0Barcelona<\/strong>, servimos <strong>cervezas bien tiradas<\/strong> con el amor y el cuidado que se merecen. Contamos con una amplia selecci\u00f3n de <strong>cervezas artesanas locales, IPA, Lager<\/strong> y cl\u00e1sicos internacionales que maridan a la perfecci\u00f3n con nuestra <strong>carta de comida de calidad<\/strong>.<\/p>\n\t\t\t\t\t\t\t\t<\/div>\n\t\t\t\t<\/div>\n\t\t\t\t<div class=\"elementor-element elementor-element-2c3f8fb elementor-widget elementor-widget-button\" data-id=\"2c3f8fb\" data-element_type=\"widget\" data-e-type=\"widget\" data-widget_type=\"button.default\">\n\t\t\t\t<div class=\"elementor-widget-container\">\n\t\t\t\t\t\t\t\t\t<div class=\"elementor-button-wrapper\">\n\t\t\t\t\t<a class=\"elementor-button elementor-button-link elementor-size-sm\" href=\"https:\/\/www.qrcarta.com\/restaurant\/barcelona\/la-cerveseria-clandestina\/92\/\" target=\"_blank\" rel=\"noopener\">\n\t\t\t\t\t\t<span class=\"elementor-button-content-wrapper\">\n\t\t\t\t\t\t\t\t\t<span class=\"elementor-button-text\">Visita nuestra carta<\/span>\n\t\t\t\t\t<\/span>\n\t\t\t\t\t<\/a>\n\t\t\t\t<\/div>\n\t\t\t\t\t\t\t\t<\/div>\n\t\t\t\t<\/div>\n\t\t<div class=\"elementor-element elementor-element-0f87875 e-grid e-con-full e-con e-child\" data-id=\"0f87875\" data-element_type=\"container\" data-e-type=\"container\">\n\t\t\t\t<div class=\"elementor-element elementor-element-84dba08 elementor-widget elementor-widget-image\" data-id=\"84dba08\" data-element_type=\"widget\" data-e-type=\"widget\" data-widget_type=\"image.default\">\n\t\t\t\t<div class=\"elementor-widget-container\">\n\t\t\t\t\t\t\t\t\t\t\t\t\t\t\t<img fetchpriority=\"high\" decoding=\"async\" width=\"400\" height=\"265\" src=\"https:\/\/lacerveseriaclandestina.cat\/wp-content\/uploads\/2025\/06\/DSC_2570-1-400x265-1.jpg\" class=\"attachment-large size-large wp-image-1251\" alt=\"\" srcset=\"https:\/\/lacerveseriaclandestina.cat\/wp-content\/uploads\/2025\/06\/DSC_2570-1-400x265-1.jpg 400w, https:\/\/lacerveseriaclandestina.cat\/wp-content\/uploads\/2025\/06\/DSC_2570-1-400x265-1-300x199.jpg 300w\" sizes=\"(max-width: 400px) 100vw, 400px\" \/>\t\t\t\t\t\t\t\t\t\t\t\t\t\t\t<\/div>\n\t\t\t\t<\/div>\n\t\t\t\t<div class=\"elementor-element elementor-element-2b6485c elementor-widget elementor-widget-image\" data-id=\"2b6485c\" data-element_type=\"widget\" data-e-type=\"widget\" data-widget_type=\"image.default\">\n\t\t\t\t<div class=\"elementor-widget-container\">\n\t\t\t\t\t\t\t\t\t\t\t\t\t\t\t<img decoding=\"async\" width=\"400\" height=\"265\" src=\"https:\/\/lacerveseriaclandestina.cat\/wp-content\/uploads\/2025\/06\/DSC_2571-1-400x265-1.jpg\" class=\"attachment-large size-large wp-image-1252\" alt=\"\" srcset=\"https:\/\/lacerveseriaclandestina.cat\/wp-content\/uploads\/2025\/06\/DSC_2571-1-400x265-1.jpg 400w, https:\/\/lacerveseriaclandestina.cat\/wp-content\/uploads\/2025\/06\/DSC_2571-1-400x265-1-300x199.jpg 300w\" sizes=\"(max-width: 400px) 100vw, 400px\" \/>\t\t\t\t\t\t\t\t\t\t\t\t\t\t\t<\/div>\n\t\t\t\t<\/div>\n\t\t\t\t<div class=\"elementor-element elementor-element-1cb1d74 elementor-widget elementor-widget-image\" data-id=\"1cb1d74\" data-element_type=\"widget\" data-e-type=\"widget\" data-widget_type=\"image.default\">\n\t\t\t\t<div class=\"elementor-widget-container\">\n\t\t\t\t\t\t\t\t\t\t\t\t\t\t\t<img decoding=\"async\" width=\"400\" height=\"265\" src=\"https:\/\/lacerveseriaclandestina.cat\/wp-content\/uploads\/2025\/06\/DSC_2576-1-400x265-1.jpg\" class=\"attachment-large size-large wp-image-1253\" alt=\"\" srcset=\"https:\/\/lacerveseriaclandestina.cat\/wp-content\/uploads\/2025\/06\/DSC_2576-1-400x265-1.jpg 400w, https:\/\/lacerveseriaclandestina.cat\/wp-content\/uploads\/2025\/06\/DSC_2576-1-400x265-1-300x199.jpg 300w\" sizes=\"(max-width: 400px) 100vw, 400px\" \/>\t\t\t\t\t\t\t\t\t\t\t\t\t\t\t<\/div>\n\t\t\t\t<\/div>\n\t\t\t\t<\/div>\n\t\t\t\t\t<\/div>\n\t\t\t\t<\/div>\n\t\t<div class=\"elementor-element elementor-element-e6e749e e-flex e-con-boxed e-con e-parent\" data-id=\"e6e749e\" data-element_type=\"container\" data-e-type=\"container\">\n\t\t\t\t\t<div class=\"e-con-inner\">\n\t\t<div class=\"elementor-element elementor-element-cc73ea7 e-grid e-con-full e-con e-child\" data-id=\"cc73ea7\" data-element_type=\"container\" data-e-type=\"container\">\n\t\t<div class=\"elementor-element elementor-element-c56415c e-con-full e-flex e-con e-child\" data-id=\"c56415c\" data-element_type=\"container\" data-e-type=\"container\">\n\t\t\t\t<div class=\"elementor-element elementor-element-440a577 elementor-widget elementor-widget-heading\" data-id=\"440a577\" data-element_type=\"widget\" data-e-type=\"widget\" data-widget_type=\"heading.default\">\n\t\t\t\t<div class=\"elementor-widget-container\">\n\t\t\t\t\t<h2 class=\"elementor-heading-title elementor-size-default\">Un espacio de barrio con car\u00e1cter<\/h2>\t\t\t\t<\/div>\n\t\t\t\t<\/div>\n\t\t\t\t<div class=\"elementor-element elementor-element-754d99f elementor-widget elementor-widget-text-editor\" data-id=\"754d99f\" data-element_type=\"widget\" data-e-type=\"widget\" data-widget_type=\"text-editor.default\">\n\t\t\t\t<div class=\"elementor-widget-container\">\n\t\t\t\t\t\t\t\t\t<p>Estamos en el coraz\u00f3n del <strong>barrio de la Sagrada Fam\u00edlia<\/strong>. Somos un <strong>bar de proximidad<\/strong>, pensado para la gente del barrio, en el que encontrar\u00e1s<strong> buen ambiente<\/strong>, <strong>m\u00fasica tranquila y un espacio acogedor<\/strong> para venir solo, con amigos o en familia.<\/p>\n<p>Te ofrecemos una carta variada con platos pensados para compartir, tapas con <strong>producto de calidad y opciones veganas<\/strong>. Desde <strong>nuestras patatas campesinas<\/strong> hasta las <strong>hamburguesas caseras<\/strong> o los <strong>bocadillos y tapas de temporada<\/strong>, todo est\u00e1 cocinado con cari\u00f1o y con un toque casero que invita a repetir. Ideal para cenar tranquilamente o picar algo mientras disfrutas del ambiente del barrio.<\/p>\n<p>Adem\u00e1s, somos un <strong>local accesible<\/strong> para personas con movilidad reducida y<strong> pet friendly<\/strong>, para que puedas venir con tu perro a hacer el vermut, tomar una birra o cenar con total comodidad.<\/p>\n\t\t\t\t\t\t\t\t<\/div>\n\t\t\t\t<\/div>\n\t\t\t\t<div class=\"elementor-element elementor-element-fa7b950 elementor-align-left elementor-widget elementor-widget-button\" data-id=\"fa7b950\" data-element_type=\"widget\" data-e-type=\"widget\" data-widget_type=\"button.default\">\n\t\t\t\t<div class=\"elementor-widget-container\">\n\t\t\t\t\t\t\t\t\t<div class=\"elementor-button-wrapper\">\n\t\t\t\t\t<a class=\"elementor-button elementor-button-link elementor-size-sm\" href=\"https:\/\/lacerveseriaclandestina.cat\/es\/cervezas-artesanas\/\">\n\t\t\t\t\t\t<span class=\"elementor-button-content-wrapper\">\n\t\t\t\t\t\t\t\t\t<span class=\"elementor-button-text\">Cervezas<\/span>\n\t\t\t\t\t<\/span>\n\t\t\t\t\t<\/a>\n\t\t\t\t<\/div>\n\t\t\t\t\t\t\t\t<\/div>\n\t\t\t\t<\/div>\n\t\t\t\t<\/div>\n\t\t<div class=\"elementor-element elementor-element-05c7f8d e-grid e-con-full e-con e-child\" data-id=\"05c7f8d\" data-element_type=\"container\" data-e-type=\"container\">\n\t\t\t\t<div class=\"elementor-element elementor-element-e19e764 elementor-widget elementor-widget-image\" data-id=\"e19e764\" data-element_type=\"widget\" data-e-type=\"widget\" data-widget_type=\"image.default\">\n\t\t\t\t<div class=\"elementor-widget-container\">\n\t\t\t\t\t\t\t\t\t\t\t\t\t\t\t<img loading=\"lazy\" decoding=\"async\" width=\"708\" height=\"708\" src=\"https:\/\/lacerveseriaclandestina.cat\/wp-content\/uploads\/2025\/07\/home_barri6.jpg\" class=\"attachment-large size-large wp-image-1590\" alt=\"cerveceria artesanal a Barcelona\" srcset=\"https:\/\/lacerveseriaclandestina.cat\/wp-content\/uploads\/2025\/07\/home_barri6.jpg 708w, https:\/\/lacerveseriaclandestina.cat\/wp-content\/uploads\/2025\/07\/home_barri6-300x300.jpg 300w, https:\/\/lacerveseriaclandestina.cat\/wp-content\/uploads\/2025\/07\/home_barri6-150x150.jpg 150w\" sizes=\"(max-width: 708px) 100vw, 708px\" \/>\t\t\t\t\t\t\t\t\t\t\t\t\t\t\t<\/div>\n\t\t\t\t<\/div>\n\t\t\t\t<div class=\"elementor-element elementor-element-ec017e3 elementor-widget elementor-widget-image\" data-id=\"ec017e3\" data-element_type=\"widget\" data-e-type=\"widget\" data-widget_type=\"image.default\">\n\t\t\t\t<div class=\"elementor-widget-container\">\n\t\t\t\t\t\t\t\t\t\t\t\t\t\t\t<img loading=\"lazy\" decoding=\"async\" width=\"581\" height=\"581\" src=\"https:\/\/lacerveseriaclandestina.cat\/wp-content\/uploads\/2025\/06\/home_barri.jpg\" class=\"attachment-large size-large wp-image-1264\" alt=\"cerveseria artesanal a Barcelona\" srcset=\"https:\/\/lacerveseriaclandestina.cat\/wp-content\/uploads\/2025\/06\/home_barri.jpg 581w, https:\/\/lacerveseriaclandestina.cat\/wp-content\/uploads\/2025\/06\/home_barri-300x300.jpg 300w, https:\/\/lacerveseriaclandestina.cat\/wp-content\/uploads\/2025\/06\/home_barri-150x150.jpg 150w\" sizes=\"(max-width: 581px) 100vw, 581px\" \/>\t\t\t\t\t\t\t\t\t\t\t\t\t\t\t<\/div>\n\t\t\t\t<\/div>\n\t\t\t\t<div class=\"elementor-element elementor-element-43d8590 elementor-widget elementor-widget-image\" data-id=\"43d8590\" data-element_type=\"widget\" data-e-type=\"widget\" data-widget_type=\"image.default\">\n\t\t\t\t<div class=\"elementor-widget-container\">\n\t\t\t\t\t\t\t\t\t\t\t\t\t\t\t<img loading=\"lazy\" decoding=\"async\" width=\"521\" height=\"521\" src=\"https:\/\/lacerveseriaclandestina.cat\/wp-content\/uploads\/2025\/06\/home_barri4.jpg\" class=\"attachment-large size-large wp-image-1271\" alt=\"\" srcset=\"https:\/\/lacerveseriaclandestina.cat\/wp-content\/uploads\/2025\/06\/home_barri4.jpg 521w, https:\/\/lacerveseriaclandestina.cat\/wp-content\/uploads\/2025\/06\/home_barri4-300x300.jpg 300w, https:\/\/lacerveseriaclandestina.cat\/wp-content\/uploads\/2025\/06\/home_barri4-150x150.jpg 150w\" sizes=\"(max-width: 521px) 100vw, 521px\" \/>\t\t\t\t\t\t\t\t\t\t\t\t\t\t\t<\/div>\n\t\t\t\t<\/div>\n\t\t\t\t<div class=\"elementor-element elementor-element-173f1b8 elementor-hidden-tablet elementor-widget elementor-widget-image\" data-id=\"173f1b8\" data-element_type=\"widget\" data-e-type=\"widget\" data-widget_type=\"image.default\">\n\t\t\t\t<div class=\"elementor-widget-container\">\n\t\t\t\t\t\t\t\t\t\t\t\t\t\t\t<img loading=\"lazy\" decoding=\"async\" width=\"611\" height=\"611\" src=\"https:\/\/lacerveseriaclandestina.cat\/wp-content\/uploads\/2025\/06\/home_barri3.jpg\" class=\"attachment-large size-large wp-image-1269\" alt=\"\" srcset=\"https:\/\/lacerveseriaclandestina.cat\/wp-content\/uploads\/2025\/06\/home_barri3.jpg 611w, https:\/\/lacerveseriaclandestina.cat\/wp-content\/uploads\/2025\/06\/home_barri3-300x300.jpg 300w, https:\/\/lacerveseriaclandestina.cat\/wp-content\/uploads\/2025\/06\/home_barri3-150x150.jpg 150w\" sizes=\"(max-width: 611px) 100vw, 611px\" \/>\t\t\t\t\t\t\t\t\t\t\t\t\t\t\t<\/div>\n\t\t\t\t<\/div>\n\t\t\t\t<\/div>\n\t\t\t\t<\/div>\n\t\t\t\t\t<\/div>\n\t\t\t\t<\/div>\n\t\t\t\t<\/div>\n\t\t","protected":false},"excerpt":{"rendered":"<p>Cervecer\u00eda artesanal en Barcelona Buena cerveza, buenas tapas y opciones veganas Cervezas bien tiradas y buen rollo Cervecer\u00eda artesanal en Barcelona En la Cervecer\u00eda Clandestina, nuestra cervecer\u00eda artesanal en\u00a0Barcelona, servimos cervezas bien tiradas con el amor y el cuidado que se merecen. Contamos con una amplia selecci\u00f3n de cervezas artesanas locales, IPA, Lager y cl\u00e1sicos [&hellip;]<\/p>\n","protected":false},"author":1,"featured_media":0,"parent":0,"menu_order":0,"comment_status":"closed","ping_status":"closed","template":"page-templates\/pagebuilder.php","meta":{"zakra_page_container_layout":"customizer","zakra_page_sidebar_layout":"customizer","zakra_remove_content_margin":false,"zakra_sidebar":"customizer","zakra_transparent_header":"customizer","zakra_logo":0,"zakra_main_header_style":"default","zakra_menu_item_color":"","zakra_menu_item_hover_color":"","zakra_menu_item_active_color":"","zakra_menu_active_style":"","zakra_page_header":true,"footnotes":""},"class_list":["post-1536","page","type-page","status-publish","hentry"],"_links":{"self":[{"href":"https:\/\/lacerveseriaclandestina.cat\/es\/wp-json\/wp\/v2\/pages\/1536","targetHints":{"allow":["GET"]}}],"collection":[{"href":"https:\/\/lacerveseriaclandestina.cat\/es\/wp-json\/wp\/v2\/pages"}],"about":[{"href":"https:\/\/lacerveseriaclandestina.cat\/es\/wp-json\/wp\/v2\/types\/page"}],"author":[{"embeddable":true,"href":"https:\/\/lacerveseriaclandestina.cat\/es\/wp-json\/wp\/v2\/users\/1"}],"replies":[{"embeddable":true,"href":"https:\/\/lacerveseriaclandestina.cat\/es\/wp-json\/wp\/v2\/comments?post=1536"}],"version-history":[{"count":18,"href":"https:\/\/lacerveseriaclandestina.cat\/es\/wp-json\/wp\/v2\/pages\/1536\/revisions"}],"predecessor-version":[{"id":1845,"href":"https:\/\/lacerveseriaclandestina.cat\/es\/wp-json\/wp\/v2\/pages\/1536\/revisions\/1845"}],"wp:attachment":[{"href":"https:\/\/lacerveseriaclandestina.cat\/es\/wp-json\/wp\/v2\/media?parent=1536"}],"curies":[{"name":"wp","href":"https:\/\/api.w.org\/{rel}","templated":true}]}}