{"id":1807,"date":"2025-10-17T11:30:55","date_gmt":"2025-10-17T09:30:55","guid":{"rendered":"https:\/\/lacerveseriaclandestina.cat\/politica-de-privacidad\/"},"modified":"2025-10-20T09:46:00","modified_gmt":"2025-10-20T07:46:00","slug":"politica-de-privacidad","status":"publish","type":"page","link":"https:\/\/lacerveseriaclandestina.cat\/es\/politica-de-privacidad\/","title":{"rendered":"Pol\u00edtica de privacidad"},"content":{"rendered":"\n<p>MMIKMARLETMANS, S.L te informa sobre su Pol\u00edtica de Privacidad respecto al tratamiento y protecci\u00f3n de los datos de car\u00e1cter personal de los usuarios y clientes que puedan ser solicitados por la navegaci\u00f3n o contrataci\u00f3n de servicios a trav\u00e9s del sitio web<a href=\"https:\/\/lacerveseriaclandestina.cat\/es\/\">\u00a0lacerveseriaclandestina.cat<\/a><\/p>\n\n<p>En este sentido, MIKMARLETMANS, S.L  garantiza el cumplimiento de la normativa vigente en materia de protecci\u00f3n de datos personales, reflejada en la Ley Org\u00e1nica 3\/2018, de 5 de diciembre, de Protecci\u00f3n de Datos Personales y de Garant\u00eda de Derechos Digitales (LOPD GDD). Cumple tambi\u00e9n con el Reglamento (UE) 2016\/679 del Parlamento Europeo y del Consejo de 27 de abril de 2016 relativo a la protecci\u00f3n de las personas f\u00edsicas (RGPD).<\/p>\n\n<p>El uso del sitio web implica la aceptaci\u00f3n de esta Pol\u00edtica de Privacidad as\u00ed como las condiciones incluidas en el Aviso Legal.<\/p>\n\n<p>Identidad del responsable<br\/>Titular: MIKMARLETMANS, S.L<br\/>NIF\/CIF:<br\/>B65655094<br\/>Domicilio: C\/ de C\u00f3rcega, 611, 08025 Barcelona<br\/>Correo electr\u00f3nico: clandestinabcn@gmail.com<br\/>Sitio Web: <a href=\"https:\/\/lacerveseriaclandestina.cat\/es\/\">lacerveseriaclandestina.cat<\/a><\/p>\n\n<p>Principios aplicados al tratamiento de datos<br\/>En el tratamiento de tus datos personales, el Titular aplicar\u00e1 los siguientes principios que se ajustan a las exigencias del nuevo reglamento europeo de protecci\u00f3n de datos:<\/p>\n\n<p>Principio de licitud, lealtad y transparencia: El Titular siempre requerir\u00e1 el consentimiento para el tratamiento de tus datos personales que puede ser para uno o varios fines espec\u00edficos sobre los que te informar\u00e1 previamente con absoluta transparencia.<br\/>Principio de minimizaci\u00f3n de datos: El Titular te solicitar\u00e1 s\u00f3lo los datos estrictamente necesarios para la finalidad o hasta que los solicita.<br\/>Principio de limitaci\u00f3n del plazo de conservaci\u00f3n: Los datos se mantendr\u00e1n durante el tiempo estrictamente necesario para el fin o fines del tratamiento.<br\/>El Titular le informar\u00e1 del plazo de conservaci\u00f3n correspondiente seg\u00fan la finalidad. En caso de suscripciones, el Titular revisar\u00e1 peri\u00f3dicamente las listas y eliminar\u00e1 aquellos registros inactivos durante un tiempo considerable.<br\/>Principio de integridad y confidencialidad: tus datos ser\u00e1n tratados de forma que su seguridad, confidencialidad e integridad est\u00e9 garantizada. Debes saber que el Titular toma las precauciones necesarias para evitar el acceso no autorizado o uso indebido de los datos de los usuarios por terceros.<\/p>\n\n<p>Obtenci\u00f3n de datos personales<br\/>Para navegar por lacerveseriaclandestina.cat no es necesario que facilites ning\u00fan dato personal. Los casos en los que s\u00ed proporcionas tus datos personales son los siguientes:<\/p>\n\n<p>Al contactar a trav\u00e9s de los formularios de contacto o enviar un correo electr\u00f3nico.<\/p>\n\n<p>Tus derechos<br\/>Sobre tus datos personales tienes derecho a:<\/p>\n\n<p>Solicitar el acceso a los datos almacenados.<br\/>Solicitar una rectificaci\u00f3n o cancelaci\u00f3n.<br\/>Solicitar la limitaci\u00f3n del tratamiento.<br\/>Oponerte al tratamiento.<br\/>Solicitar la portabilidad de tus datos.<br\/>El ejercicio de estos derechos es personal y por tanto debe ser ejercido directamente por el interesado, solicit\u00e1ndolo directamente a, MIKMARLETMANS, S.L lo que significa que cualquier cliente, suscriptor o colaborador que haya facilitado sus datos en alg\u00fan momento puede dirigirse a MIKMARLETMANS, S.L y pedir informaci\u00f3n sobre los datos que tiene solicitar o solicitar la cancelaci\u00f3n de estos datos en los ficheros de MIKMARLETMANS, S.L.<\/p>\n\n<p>Para ejercitar sus derechos de acceso, rectificaci\u00f3n, cancelaci\u00f3n, portabilidad y oposici\u00f3n debe enviar un correo electr\u00f3nico a clandestinabcn@gmail.com junto con la prueba v\u00e1lida en derecho como una fotocopia del D.N.I. o equivalente.<\/p>\n\n<p>Tiene derecho a la tutela judicial efectiva ya presentar una reclamaci\u00f3n ante la autoridad de control, en este caso, la Agencia Espa\u00f1ola de Protecci\u00f3n de Datos, si considera que el tratamiento de datos personales que le conciernen infringe el Reglamento.<\/p>\n\n<p>Finalidad del tratamiento de datos personales<br\/>Cuando se conecte al sitio web para enviar un correo a bocabellapro.cat, se suscriba a su bolet\u00edn o haga una contrataci\u00f3n, est\u00e1 facilitando informaci\u00f3n de car\u00e1cter personal. Esta informaci\u00f3n puede incluir datos de car\u00e1cter personal como su direcci\u00f3n IP, nombre y apellidos, direcci\u00f3n f\u00edsica, direcci\u00f3n de correo electr\u00f3nico, n\u00famero de tel\u00e9fono, y otra informaci\u00f3n. Al facilitar esta informaci\u00f3n, das tu consentimiento para que tu informaci\u00f3n sea recopilada, utilizada, gestionada y almacenada por bocabellapro.cat, s\u00f3lo como se describe en el Aviso Legal y en la presente Pol\u00edtica de Privacidad.<\/p>\n\n<p>Los datos personales y la finalidad del tratamiento por parte del propietario son diferentes seg\u00fan el sistema de captura de informaci\u00f3n:<\/p>\n\n<p>Formularios de contacto: solicita datos personales entre los que pueden estar: Nombre y apellidos, direcci\u00f3n de correo electr\u00f3nico, n\u00famero de tel\u00e9fono y direcci\u00f3n de tu sitio web con el fin de responder a tus consultas.<br\/>Por ejemplo, utiliza estos datos para dar respuesta a tus mensajes, dudas, quejas, comentarios o inquietudes que puedas tener relativas a la informaci\u00f3n incluida en el sitio web, los servicios que se prestan a trav\u00e9s del sitio web, el tratamiento de tus datos personales, cuestiones referentes a los textos legales incluidos en el sitio web, as\u00ed como cualquier otra consulta que puedas tener y que no est\u00e9.<br\/>Hay otras finalidades por las que el Titular trata tus datos personales:<\/p>\n\n<p>Para apoyar y mejorar los servicios que ofrece este sitio web.<br\/>Para analizar la navegaci\u00f3n. La web recoge otros datos no identificativos que se obtienen mediante el uso de cookies que se descargan en tu ordenador cuando navegas por el sitio web cuyas caracter\u00edsticas y finalidad est\u00e1n detalladas en la Pol\u00edtica de Cookies.<br\/>Para gestionar las redes sociales. el Titular tiene presencia en redes sociales. Si haces seguidor en las redes sociales, el tratamiento de los datos personales se regir\u00e1 por este apartado, as\u00ed como por aquellas condiciones de uso, pol\u00edticas de privacidad y normativas de acceso que pertenezcan a la red social que sea procedente en cada caso y que has aceptado previamente.<br\/>MIKMARLETMANS, S.Ltratar\u00e1 sus datos personales con el fin de administrar correctamente su presencia en la red social, informarse de sus actividades, productos o servicios, as\u00ed como para cualquier otra finalidad que las normativas de las redes sociales permitan.<\/p>\n\n<p>En ning\u00fan caso MIKMARLETMANS, S.L utilizar\u00e1 los perfiles de seguidores en redes sociales para enviar publicidad de forma individual.<\/p>\n\n<p>Seguridad de los datos personales<br\/>Para proteger tus datos personales, MIKMARLETMANS, S.L toma todas las precauciones razonables y sigue las mejores pr\u00e1cticas de la industria para evitar su p\u00e9rdida, mal uso, acceso indebido, divulgaci\u00f3n, alteraci\u00f3n o destrucci\u00f3n.<\/p>\n\n<p>La seguridad de tus datos est\u00e1 garantizada, ya que toman todas las medidas de seguridad necesarias para ello. Puedes consultar su pol\u00edtica de privacidad para obtener m\u00e1s informaci\u00f3n.<\/p>\n\n<p>Contenido de otros sitios web<br\/>Las p\u00e1ginas de este sitio web pueden incluir contenido incrustado (por ejemplo, v\u00eddeos, im\u00e1genes, art\u00edculos, etc.). El contenido incrustado de otras webs se comporta exactamente de la misma forma que si hubieras visitado la otra web.<\/p>\n\n<p>Estos sitios web pueden recopilar datos sobre ti, utilizar cookies, incrustar un c\u00f3digo de seguimiento adicional de terceros y supervisar tu interacci\u00f3n usando ese c\u00f3digo.<\/p>\n\n<p>Pol\u00edtica de Cookies<br\/>Para que este sitio web funcione correctamente debe utilizar cookies, que es una informaci\u00f3n que se almacena en su navegador web.<\/p>\n\n<p>En la p\u00e1gina Pol\u00edtica de Cookies puedes consultar toda la informaci\u00f3n relativa a la pol\u00edtica de recogida, la finalidad y el tratamiento de cookies.<\/p>\n\n<p>Legitimaci\u00f3 per al tractament de dades<br\/>La base legal per al tractament de les vostres dades \u00e9s: el consentiment.<\/p>\n\n<p>Per contactar amb MIKMARLETMANS, S.L, subscriure\u2019t a un butllet\u00ed o fer comentaris en aquest lloc web has d\u2019acceptar aquesta Pol\u00edtica de Privadesa.<\/p>\n\n<p>Categor\u00edas de datos personales<br\/>Las categor\u00edas de datos personales que trata MIKMARLETMANS, S.L son:<\/p>\n\n<p>Datos identificativos.<br\/>Conservaci\u00f3n de datos personales<br\/>Los datos personales que proporcione se conservar\u00e1n hasta que solicite la supresi\u00f3n.<\/p>\n\n<p>Tambi\u00e9n puede ver una lista de los tipos de cookies que utiliza Google y sus colaboradores y toda la informaci\u00f3n relativa al uso que hacen de cookies publicitarias.<\/p>\n\n<p>Navegaci\u00f3n Web<br\/>Al navegar por bocabellapro.cat pueden recogerse datos no identificativos, que pueden incluir, la direcci\u00f3n IP, geolocalizaci\u00f3n, un registro de c\u00f3mo se utilizan los servicios y sitios, h\u00e1bitos de navegaci\u00f3n y otros datos que no pueden ser utilizados para identificarte.<\/p>\n\n<p>El Titular utiliza la informaci\u00f3n obtenida para obtener datos estad\u00edsticos, analizar tendencias, administrar el sitio, estudiar patrones de navegaci\u00f3n y para recopilar informaci\u00f3n demogr\u00e1fica.<\/p>\n\n<p>Exactitud y veracidad de los datos personales<br\/>Te comprometes a que los datos facilitados sean correctos, completos, exactos y vigentes, as\u00ed como a mantenerlos debidamente actualizados.<\/p>\n\n<p>Como Usuario del sitio web eres el \u00fanico responsable de la veracidad y correcci\u00f3n de los datos que remitas al sitio exonerante MIKMARLETMANS, S.L  de cualquier responsabilidad al respecto.<\/p>\n\n<p>Aceptaci\u00f3n y consentimiento<br\/>Como Usuario del sitio web declara haber sido informado de las condiciones sobre protecci\u00f3n de datos de car\u00e1cter personal, aceptas y consientes el tratamiento de los mismos por parte de MIKMARLETMANS, S.L.<\/p>\n\n<p><\/p>\n","protected":false},"excerpt":{"rendered":"<p>MMIKMARLETMANS, S.L te informa sobre su Pol\u00edtica de Privacidad respecto al tratamiento y protecci\u00f3n de los datos de car\u00e1cter personal de los usuarios y clientes que puedan ser solicitados por la navegaci\u00f3n o contrataci\u00f3n de servicios a trav\u00e9s del sitio web\u00a0lacerveseriaclandestina.cat En este sentido, MIKMARLETMANS, S.L garantiza el cumplimiento de la normativa vigente en materia [&hellip;]<\/p>\n","protected":false},"author":1,"featured_media":0,"parent":0,"menu_order":0,"comment_status":"closed","ping_status":"closed","template":"","meta":{"zakra_page_container_layout":"customizer","zakra_page_sidebar_layout":"customizer","zakra_remove_content_margin":false,"zakra_sidebar":"customizer","zakra_transparent_header":"customizer","zakra_logo":0,"zakra_main_header_style":"default","zakra_menu_item_color":"","zakra_menu_item_hover_color":"","zakra_menu_item_active_color":"","zakra_menu_active_style":"","zakra_page_header":true,"footnotes":""},"class_list":["post-1807","page","type-page","status-publish","hentry"],"_links":{"self":[{"href":"https:\/\/lacerveseriaclandestina.cat\/es\/wp-json\/wp\/v2\/pages\/1807","targetHints":{"allow":["GET"]}}],"collection":[{"href":"https:\/\/lacerveseriaclandestina.cat\/es\/wp-json\/wp\/v2\/pages"}],"about":[{"href":"https:\/\/lacerveseriaclandestina.cat\/es\/wp-json\/wp\/v2\/types\/page"}],"author":[{"embeddable":true,"href":"https:\/\/lacerveseriaclandestina.cat\/es\/wp-json\/wp\/v2\/users\/1"}],"replies":[{"embeddable":true,"href":"https:\/\/lacerveseriaclandestina.cat\/es\/wp-json\/wp\/v2\/comments?post=1807"}],"version-history":[{"count":2,"href":"https:\/\/lacerveseriaclandestina.cat\/es\/wp-json\/wp\/v2\/pages\/1807\/revisions"}],"predecessor-version":[{"id":1812,"href":"https:\/\/lacerveseriaclandestina.cat\/es\/wp-json\/wp\/v2\/pages\/1807\/revisions\/1812"}],"wp:attachment":[{"href":"https:\/\/lacerveseriaclandestina.cat\/es\/wp-json\/wp\/v2\/media?parent=1807"}],"curies":[{"name":"wp","href":"https:\/\/api.w.org\/{rel}","templated":true}]}}